{"id":2,"date":"2018-10-07T14:46:09","date_gmt":"2018-10-07T13:46:09","guid":{"rendered":"https:\/\/concoursgagacar.wordpress.com\/?page_id=2"},"modified":"2018-10-07T14:46:09","modified_gmt":"2018-10-07T13:46:09","slug":"a-propos","status":"publish","type":"page","link":"https:\/\/gagacar.blog.ac-lyon.fr\/wordpress\/a-propos\/","title":{"rendered":"\u00c0 propos"},"content":{"rendered":"<p>Concours cr\u00e9\u00e9 par 4 enseignants de technologie : Jf Simon, Fr\u00e9d\u00e9ric Dumas, Christophe Felix et Carole Boudal.<\/p>\n<p><img decoding=\"async\" class=\"  wp-image-74 aligncenter\" src=\"https:\/\/concoursgagacar.files.wordpress.com\/2018\/10\/gagacar-equipe.png\" alt=\"gagacar equipe\" width=\"389\" height=\"178\" \/><\/p>\n<p>Le nom inspir\u00e9 du Gaga St\u00e9phanois et de la voiture autonome Google\u00a0 car (Merci\u00a0 Carole).<\/p>\n<p>Le concours est dans le cadre d&rsquo;un projet interdisciplinaire avec les Math\u00e9matiques.<\/p>\n<p>Maths: programmation sur scratch<\/p>\n<p>Techno : Transformation du programme scratch pour l&rsquo;adapter \u00e0 la carte de programmation<\/p>\n<p>5 coll\u00e8ges pour l&rsquo;\u00e9dition 2019 !!!<\/p>\n<p>&nbsp;<\/p>\n","protected":false},"excerpt":{"rendered":"<p>Concours cr\u00e9\u00e9 par 4 enseignants de technologie : Jf Simon, Fr\u00e9d\u00e9ric Dumas, Christophe Felix et Carole Boudal. Le nom inspir\u00e9 du Gaga St\u00e9phanois et de la voiture autonome Google\u00a0 car [&hellip;]<\/p>\n","protected":false},"author":6,"featured_media":0,"parent":0,"menu_order":1,"comment_status":"closed","ping_status":"closed","template":"","meta":{"xn-wppe-expiration":[],"xn-wppe-expiration-action":[],"xn-wppe-expiration-prefix":[],"advgb_blocks_editor_width":"","advgb_blocks_columns_visual_guide":"","_EventAllDay":false,"_EventTimezone":"","_EventStartDate":"","_EventEndDate":"","_EventStartDateUTC":"","_EventEndDateUTC":"","_EventShowMap":false,"_EventShowMapLink":false,"_EventURL":"","_EventCost":"","_EventCostDescription":"","_EventCurrencySymbol":"","_EventCurrencyCode":"","_EventCurrencyPosition":"","_EventDateTimeSeparator":"","_EventTimeRangeSeparator":"","_EventOrganizerID":[],"_EventVenueID":0,"_OrganizerEmail":"","_OrganizerPhone":"","_OrganizerWebsite":"","_VenueAddress":"","_VenueCity":"","_VenueCountry":"","_VenueProvince":"","_VenueZip":"","_VenuePhone":"","_VenueURL":"","_VenueStateProvince":"","_VenueLat":"","_VenueLng":"","footnotes":""},"class_list":["post-2","page","type-page","status-publish","hentry"],"coauthors":[],"author_meta":{"author_link":"https:\/\/gagacar.blog.ac-lyon.fr\/wordpress\/author\/simonjeff\/","display_name":"jeff Simon"},"relative_dates":{"created":"Publi\u00e9 8 ans il y a","modified":"Mis \u00e0 jour 8 ans il y a"},"absolute_dates":{"created":"Publi\u00e9 le 7 octobre 2018","modified":"Mise \u00e0 jour le 7 octobre 2018"},"absolute_dates_time":{"created":"Publi\u00e9 le 7 octobre 2018 14 h 46 min","modified":"Mise \u00e0 jour le 7 octobre 2018 14 h 46 min"},"featured_img_caption":"","featured_img":false,"series_order":"","_links":{"self":[{"href":"https:\/\/gagacar.blog.ac-lyon.fr\/wordpress\/wp-json\/wp\/v2\/pages\/2","targetHints":{"allow":["GET"]}}],"collection":[{"href":"https:\/\/gagacar.blog.ac-lyon.fr\/wordpress\/wp-json\/wp\/v2\/pages"}],"about":[{"href":"https:\/\/gagacar.blog.ac-lyon.fr\/wordpress\/wp-json\/wp\/v2\/types\/page"}],"author":[{"embeddable":true,"href":"https:\/\/gagacar.blog.ac-lyon.fr\/wordpress\/wp-json\/wp\/v2\/users\/6"}],"replies":[{"embeddable":true,"href":"https:\/\/gagacar.blog.ac-lyon.fr\/wordpress\/wp-json\/wp\/v2\/comments?post=2"}],"version-history":[{"count":0,"href":"https:\/\/gagacar.blog.ac-lyon.fr\/wordpress\/wp-json\/wp\/v2\/pages\/2\/revisions"}],"wp:attachment":[{"href":"https:\/\/gagacar.blog.ac-lyon.fr\/wordpress\/wp-json\/wp\/v2\/media?parent=2"}],"curies":[{"name":"wp","href":"https:\/\/api.w.org\/{rel}","templated":true}]}}