{"id":244,"date":"2018-10-07T14:46:08","date_gmt":"2018-10-07T13:46:08","guid":{"rendered":"https:\/\/concoursgagacar.wordpress.com\/?page_id=3"},"modified":"2018-10-07T14:46:08","modified_gmt":"2018-10-07T13:46:08","slug":"contact","status":"publish","type":"page","link":"https:\/\/gagacar.blog.ac-lyon.fr\/wordpress\/contact\/","title":{"rendered":"Contact"},"content":{"rendered":"<p>Ceci est une page de coordonn\u00e9es comportant quelques informations de base et un formulaire de contact. [contact-form][contact-field label=\u00a0\u00bbNom\u00a0\u00bb type=\u00a0\u00bbname\u00a0\u00bb required=\u00a0\u00bb1&Prime;\/][contact-field label=\u00a0\u00bbE-mail\u00a0\u00bb type=\u00a0\u00bbemail\u00a0\u00bb required=\u00a0\u00bb1&Prime;\/][contact-field label=\u00a0\u00bbSite Web\u00a0\u00bb type=\u00a0\u00bburl\u00a0\u00bb\/][contact-field label=\u00a0\u00bbCommentaire\u00a0\u00bb type=\u00a0\u00bbtextarea\u00a0\u00bb required=\u00a0\u00bb1&Prime;\/][\/contact-form]<\/p>\n","protected":false},"excerpt":{"rendered":"<p>Ceci est une page de coordonn\u00e9es comportant quelques informations de base et un formulaire de contact. [contact-form][contact-field label=\u00a0\u00bbNom\u00a0\u00bb type=\u00a0\u00bbname\u00a0\u00bb required=\u00a0\u00bb1&Prime;\/][contact-field label=\u00a0\u00bbE-mail\u00a0\u00bb type=\u00a0\u00bbemail\u00a0\u00bb required=\u00a0\u00bb1&Prime;\/][contact-field label=\u00a0\u00bbSite Web\u00a0\u00bb type=\u00a0\u00bburl\u00a0\u00bb\/][contact-field label=\u00a0\u00bbCommentaire\u00a0\u00bb type=\u00a0\u00bbtextarea\u00a0\u00bb required=\u00a0\u00bb1&Prime;\/][\/contact-form]<\/p>\n","protected":false},"author":6,"featured_media":0,"parent":0,"menu_order":2,"comment_status":"closed","ping_status":"closed","template":"","meta":{"xn-wppe-expiration":[],"xn-wppe-expiration-action":[],"xn-wppe-expiration-prefix":[],"advgb_blocks_editor_width":"","advgb_blocks_columns_visual_guide":"","_EventAllDay":false,"_EventTimezone":"","_EventStartDate":"","_EventEndDate":"","_EventStartDateUTC":"","_EventEndDateUTC":"","_EventShowMap":false,"_EventShowMapLink":false,"_EventURL":"","_EventCost":"","_EventCostDescription":"","_EventCurrencySymbol":"","_EventCurrencyCode":"","_EventCurrencyPosition":"","_EventDateTimeSeparator":"","_EventTimeRangeSeparator":"","_EventOrganizerID":[],"_EventVenueID":0,"_OrganizerEmail":"","_OrganizerPhone":"","_OrganizerWebsite":"","_VenueAddress":"","_VenueCity":"","_VenueCountry":"","_VenueProvince":"","_VenueZip":"","_VenuePhone":"","_VenueURL":"","_VenueStateProvince":"","_VenueLat":"","_VenueLng":"","footnotes":""},"class_list":["post-244","page","type-page","status-publish","hentry"],"coauthors":[],"author_meta":{"author_link":"https:\/\/gagacar.blog.ac-lyon.fr\/wordpress\/author\/simonjeff\/","display_name":"jeff Simon"},"relative_dates":{"created":"Publi\u00e9 8 ans il y a","modified":"Mis \u00e0 jour 8 ans il y a"},"absolute_dates":{"created":"Publi\u00e9 le 7 octobre 2018","modified":"Mise \u00e0 jour le 7 octobre 2018"},"absolute_dates_time":{"created":"Publi\u00e9 le 7 octobre 2018 14 h 46 min","modified":"Mise \u00e0 jour le 7 octobre 2018 14 h 46 min"},"featured_img_caption":"","featured_img":false,"series_order":"","_links":{"self":[{"href":"https:\/\/gagacar.blog.ac-lyon.fr\/wordpress\/wp-json\/wp\/v2\/pages\/244","targetHints":{"allow":["GET"]}}],"collection":[{"href":"https:\/\/gagacar.blog.ac-lyon.fr\/wordpress\/wp-json\/wp\/v2\/pages"}],"about":[{"href":"https:\/\/gagacar.blog.ac-lyon.fr\/wordpress\/wp-json\/wp\/v2\/types\/page"}],"author":[{"embeddable":true,"href":"https:\/\/gagacar.blog.ac-lyon.fr\/wordpress\/wp-json\/wp\/v2\/users\/6"}],"replies":[{"embeddable":true,"href":"https:\/\/gagacar.blog.ac-lyon.fr\/wordpress\/wp-json\/wp\/v2\/comments?post=244"}],"version-history":[{"count":0,"href":"https:\/\/gagacar.blog.ac-lyon.fr\/wordpress\/wp-json\/wp\/v2\/pages\/244\/revisions"}],"wp:attachment":[{"href":"https:\/\/gagacar.blog.ac-lyon.fr\/wordpress\/wp-json\/wp\/v2\/media?parent=244"}],"curies":[{"name":"wp","href":"https:\/\/api.w.org\/{rel}","templated":true}]}}